{"id":9,"date":"2011-11-17T18:41:11","date_gmt":"2011-11-17T18:41:11","guid":{"rendered":"http:\/\/rebelato.com.br\/cmpaisagismo\/"},"modified":"2017-11-23T13:36:37","modified_gmt":"2017-11-23T13:36:37","slug":"servicos","status":"publish","type":"page","link":"https:\/\/cmpaisagismo.com.br\/index.php\/servicos\/","title":{"rendered":"Servi\u00e7os"},"content":{"rendered":"<p>O projeto de arquitetura paisag\u00edstica \u00e9 desenvolvido em etapas representadas graficamente e, quando necess\u00e1rio, por relat\u00f3rios, tabelas e outras ilustra\u00e7\u00f5es. Os produtos do projeto s\u00e3o apresentados de forma a permitir o seu entendimento em todas as fases, desde a sua concep\u00e7\u00e3o at\u00e9 a sua implanta\u00e7\u00e3o, para os mais diversos empreendimentos.<\/p>\n<h2>Implanta\u00e7\u00e3o<\/h2>\n<p>N\u00e3o s\u00f3 criamos ambienta\u00e7\u00f5es harmoniosas como realizamos os seus projetos! O nosso formato de implanta\u00e7\u00e3o de Stand de Vendas e\u00a0Empreendimentos Comerciais ou Residenciais\u00a0seguem r\u00edgidos crit\u00e9rios de seguran\u00e7a, de atendimento ao cronograma, \u00e0 qualidade dos materiais empregados e \u00e0 assiduidade no trabalho. Garantindo, assim, o profissionalismo e o sucesso nas implanta\u00e7\u00f5es.<\/p>\n<h2><\/h2>\n<h2><\/h2>\n","protected":false},"excerpt":{"rendered":"<p>Fornecemos solu\u00e7\u00f5es completas para a sua obra.<\/p>\n","protected":false},"author":3,"featured_media":1032,"parent":0,"menu_order":0,"comment_status":"closed","ping_status":"open","template":"","meta":{"ngg_post_thumbnail":0,"jetpack_post_was_ever_published":false,"footnotes":""},"class_list":["post-9","page","type-page","status-publish","has-post-thumbnail","hentry"],"aioseo_notices":[],"jetpack_sharing_enabled":true,"jetpack_shortlink":"https:\/\/wp.me\/P2hG2h-9","jetpack_likes_enabled":true,"_links":{"self":[{"href":"https:\/\/cmpaisagismo.com.br\/index.php\/wp-json\/wp\/v2\/pages\/9","targetHints":{"allow":["GET"]}}],"collection":[{"href":"https:\/\/cmpaisagismo.com.br\/index.php\/wp-json\/wp\/v2\/pages"}],"about":[{"href":"https:\/\/cmpaisagismo.com.br\/index.php\/wp-json\/wp\/v2\/types\/page"}],"author":[{"embeddable":true,"href":"https:\/\/cmpaisagismo.com.br\/index.php\/wp-json\/wp\/v2\/users\/3"}],"replies":[{"embeddable":true,"href":"https:\/\/cmpaisagismo.com.br\/index.php\/wp-json\/wp\/v2\/comments?post=9"}],"version-history":[{"count":21,"href":"https:\/\/cmpaisagismo.com.br\/index.php\/wp-json\/wp\/v2\/pages\/9\/revisions"}],"predecessor-version":[{"id":1094,"href":"https:\/\/cmpaisagismo.com.br\/index.php\/wp-json\/wp\/v2\/pages\/9\/revisions\/1094"}],"wp:featuredmedia":[{"embeddable":true,"href":"https:\/\/cmpaisagismo.com.br\/index.php\/wp-json\/wp\/v2\/media\/1032"}],"wp:attachment":[{"href":"https:\/\/cmpaisagismo.com.br\/index.php\/wp-json\/wp\/v2\/media?parent=9"}],"curies":[{"name":"wp","href":"https:\/\/api.w.org\/{rel}","templated":true}]}}