{"id":7,"date":"2011-11-17T18:40:58","date_gmt":"2011-11-17T18:40:58","guid":{"rendered":"http:\/\/rebelato.com.br\/cmpaisagismo\/"},"modified":"2013-06-17T20:02:27","modified_gmt":"2013-06-17T20:02:27","slug":"paisagismo","status":"publish","type":"page","link":"http:\/\/cmpaisagismo.com.br\/index.php\/paisagismo\/","title":{"rendered":"Paisagismo"},"content":{"rendered":"<p>O objetivo do paisagismo \u00e9, principalmente, criar uma ambienta\u00e7\u00e3o harmoniosa, reinserindo o homem em seu ambiente natural, em comunh\u00e3o com a natureza e buscando, essencialmente, seu equil\u00edbrio e bem estar.<\/p>\n<p>Desta forma, o paisagismo refor\u00e7a os valores do investimento em \u00e1reas residenciais e comerciais, al\u00e9m de contribuir para cria\u00e7\u00e3o de um ambiente mais agrad\u00e1vel de conviv\u00eancia que, em espa\u00e7os comerciais, resulta em maior produtividade e satisfa\u00e7\u00e3o e, em \u00e1reas residenciais, garante a qualidade de vida.<\/p>\n<p>Veja algumas GALERIAS DE IMAGENS no \u00edcone &#8216;Implanta\u00e7\u00f5es&#8217; no menu \u00e0 esquerda\u00a0da nossa p\u00e1gina principal.<\/p>\n","protected":false},"excerpt":{"rendered":"<p>Harmonizando o nosso mundo!<\/p>\n","protected":false},"author":3,"featured_media":358,"parent":0,"menu_order":0,"comment_status":"open","ping_status":"open","template":"","meta":{"ngg_post_thumbnail":0,"jetpack_post_was_ever_published":false,"footnotes":""},"class_list":["post-7","page","type-page","status-publish","has-post-thumbnail","hentry"],"aioseo_notices":[],"jetpack_sharing_enabled":true,"jetpack_shortlink":"https:\/\/wp.me\/P2hG2h-7","jetpack_likes_enabled":true,"_links":{"self":[{"href":"http:\/\/cmpaisagismo.com.br\/index.php\/wp-json\/wp\/v2\/pages\/7","targetHints":{"allow":["GET"]}}],"collection":[{"href":"http:\/\/cmpaisagismo.com.br\/index.php\/wp-json\/wp\/v2\/pages"}],"about":[{"href":"http:\/\/cmpaisagismo.com.br\/index.php\/wp-json\/wp\/v2\/types\/page"}],"author":[{"embeddable":true,"href":"http:\/\/cmpaisagismo.com.br\/index.php\/wp-json\/wp\/v2\/users\/3"}],"replies":[{"embeddable":true,"href":"http:\/\/cmpaisagismo.com.br\/index.php\/wp-json\/wp\/v2\/comments?post=7"}],"version-history":[{"count":8,"href":"http:\/\/cmpaisagismo.com.br\/index.php\/wp-json\/wp\/v2\/pages\/7\/revisions"}],"predecessor-version":[{"id":982,"href":"http:\/\/cmpaisagismo.com.br\/index.php\/wp-json\/wp\/v2\/pages\/7\/revisions\/982"}],"wp:featuredmedia":[{"embeddable":true,"href":"http:\/\/cmpaisagismo.com.br\/index.php\/wp-json\/wp\/v2\/media\/358"}],"wp:attachment":[{"href":"http:\/\/cmpaisagismo.com.br\/index.php\/wp-json\/wp\/v2\/media?parent=7"}],"curies":[{"name":"wp","href":"https:\/\/api.w.org\/{rel}","templated":true}]}}