{"id":65,"date":"2011-11-17T20:30:38","date_gmt":"2011-11-17T20:30:38","guid":{"rendered":"http:\/\/rebelato.com.br\/cmpaisagismo\/"},"modified":"2013-06-17T19:45:42","modified_gmt":"2013-06-17T19:45:42","slug":"execucao","status":"publish","type":"page","link":"http:\/\/cmpaisagismo.com.br\/index.php\/servicos\/execucao\/","title":{"rendered":"Implanta\u00e7\u00f5es"},"content":{"rendered":"<p>A Campos Machado Paisagismo n\u00e3o s\u00f3 cria ambienta\u00e7\u00f5es harmoniosas, como realiza os seus projetos! O seu formato de execu\u00e7\u00e3o de obras\u00a0seguem r\u00edgidos crit\u00e9rios de seguran\u00e7a, de atendimento ao cronograma, \u00e0 qualidade dos materias empregados e \u00e0 assiduidade no trabalho. Garantindo, assim, o profissionalismo e o sucesso das implanta\u00e7\u00f5es. CLIQUE NAS IMAGENS ABAIXO E VEJA MAIS FOTOS:<\/p>\n","protected":false},"excerpt":{"rendered":"<p>Realizamos projetos paisag\u00edsticos.<\/p>\n","protected":false},"author":3,"featured_media":0,"parent":9,"menu_order":0,"comment_status":"open","ping_status":"open","template":"page-execucao.php","meta":{"ngg_post_thumbnail":0,"jetpack_post_was_ever_published":false,"footnotes":""},"class_list":["post-65","page","type-page","status-publish","hentry"],"aioseo_notices":[],"jetpack_sharing_enabled":true,"jetpack_shortlink":"https:\/\/wp.me\/P2hG2h-13","jetpack_likes_enabled":true,"_links":{"self":[{"href":"http:\/\/cmpaisagismo.com.br\/index.php\/wp-json\/wp\/v2\/pages\/65","targetHints":{"allow":["GET"]}}],"collection":[{"href":"http:\/\/cmpaisagismo.com.br\/index.php\/wp-json\/wp\/v2\/pages"}],"about":[{"href":"http:\/\/cmpaisagismo.com.br\/index.php\/wp-json\/wp\/v2\/types\/page"}],"author":[{"embeddable":true,"href":"http:\/\/cmpaisagismo.com.br\/index.php\/wp-json\/wp\/v2\/users\/3"}],"replies":[{"embeddable":true,"href":"http:\/\/cmpaisagismo.com.br\/index.php\/wp-json\/wp\/v2\/comments?post=65"}],"version-history":[{"count":8,"href":"http:\/\/cmpaisagismo.com.br\/index.php\/wp-json\/wp\/v2\/pages\/65\/revisions"}],"predecessor-version":[{"id":977,"href":"http:\/\/cmpaisagismo.com.br\/index.php\/wp-json\/wp\/v2\/pages\/65\/revisions\/977"}],"up":[{"embeddable":true,"href":"http:\/\/cmpaisagismo.com.br\/index.php\/wp-json\/wp\/v2\/pages\/9"}],"wp:attachment":[{"href":"http:\/\/cmpaisagismo.com.br\/index.php\/wp-json\/wp\/v2\/media?parent=65"}],"curies":[{"name":"wp","href":"https:\/\/api.w.org\/{rel}","templated":true}]}}