{"id":292,"date":"2011-11-17T17:19:36","date_gmt":"2011-11-17T17:19:36","guid":{"rendered":"http:\/\/rebelato.com.br\/cmpaisagismo\/?page_id=2"},"modified":"2013-12-05T15:02:27","modified_gmt":"2013-12-05T15:02:27","slug":"sobre","status":"publish","type":"page","link":"http:\/\/cmpaisagismo.com.br\/index.php\/sobre\/","title":{"rendered":"A Empresa"},"content":{"rendered":"<p>Fundada em 1982, a Campos Machado atua no desenvolvimento da arquitetura da paisagem.<\/p>\n<p>Investindo no crescimento e qualifica\u00e7\u00e3o de seus profissionais com o objetivo de lan\u00e7ar novas tend\u00eancias em paisagismo, cultivo, manuten\u00e7\u00e3o e sustentabilidade de \u00e1reas verdes, a Campos Machado vem acumulando grande experi\u00eancia ao longo destes 31 anos de exist\u00eancia, sendo reconhecida entre as principais empresas do setor pela m\u00eddia especializada.<\/p>\n<p><strong>Diferenciais da Campos Machado<\/strong><\/p>\n<p>&#8211; Alta qualidade t\u00e9cnica de implanta\u00e7\u00e3o e realiza\u00e7\u00e3o de projetos<\/p>\n<p>&#8211; Profissionais especializados, experimentados e compromissados com o seu projeto<\/p>\n<p>&#8211; Sistemas dedicados de precifica\u00e7\u00e3o onde o valor ofertado \u00e9 sempre justo e adequado<\/p>\n<p>&#8211; Cumprimento rigoroso de prazos<\/p>\n<p>&#8211; Cumprimento rigoroso das metas estabelecidas pelo contratante<\/p>\n<p>&#8211; Compromisso total com os sonhos traduzidos no projeto<\/p>\n<p>&#8211; Carinho na resolu\u00e7\u00e3o das pend\u00eancias trazidas pelo contratante<\/p>\n<p>&#8211; Dedica\u00e7\u00e3o com exclusividade a cada projeto<\/p>\n<p>&#8211; Amor pelo que faz<\/p>\n<p><strong>Nossa hist\u00f3ria<\/strong><\/p>\n<p>Fundada em 1982 por um sonhador, a\u00a0Campos Machado Paisagismo\u00a0se estabeleceu inicialmente no bairro dos jardins, na capital paulistana.<\/p>\n<p>O objetivo inicial era transformar a cor e o astral de um mundo cinzento e sem gra\u00e7a para um mundo verde, sustent\u00e1vel, feliz, de bem com a vida de seus ocupantes e, ainda por cima,\u00a0lucrar com isso.<\/p>\n<p>A Campos Machado pode n\u00e3o ter mudado o mundo, mas tem a plena certeza de que contribuiu para deix\u00e1-lo um pouquinho verde, saud\u00e1vel, feliz e melhor.<\/p>\n<p>Nestes 31 anos de hist\u00f3rias, aprendemos muito, crescemos bastante, sorrimos em demasia, mas choramos tamb\u00e9m.<\/p>\n<p>Mudamos o jeito de ver o mundo e as coisas. Mudamos a forma de compreender as pessoas e\u00a0entendemos melhor o que esperam de n\u00f3s. Mudamos a forma de intera\u00e7\u00e3o entre o homem, suas necessidades e o verde.<\/p>\n<p>Tudo isso contribuiu para identificar qual \u00e9 nosso mercado de atua\u00e7\u00e3o:<\/p>\n<p align=\"center\"><b>FELICIDADE !!!<\/b><\/p>\n<p>Nada do que fazemos, projetamos, implantamos ou sonhamos n\u00e3o teria significado se o resultado final n\u00e3o fosse traduzido em intensa alegria para nossos clientes e equipe.<\/p>\n<p>Para atender a demanda de nossos contratantes em suas \u00e1reas verdes e jardins, estabelecemos como pontap\u00e9 inicial a transforma\u00e7\u00e3o de seus sonhos em realidade.<\/p>\n<p>Somente depois \u00e9 que vem a comercializa\u00e7\u00e3o dos projetos, plantas, flores, decora\u00e7\u00f5es, servi\u00e7os de planejamento e consultoria em paisagismo e\u00a0jardins.<\/p>\n<p>Para qualquer \u00e1rea verde, voc\u00ea tem diversas op\u00e7\u00f5es.<\/p>\n<p>Para um projeto paisag\u00edstico profissional feito com muito amor e respeito \u00e0 m\u00e3e natureza, com dedica\u00e7\u00e3o e carinho aos seus anseios, implantado por profissionais de ponta, voc\u00ea tem a Campos Machado.<\/p>\n<p>N\u00f3s vamos mudar seu jeito de ser e de viver, revelando um prisma mais verde e feliz do mundo.<\/p>\n<p>Campos Machado, plantando o verde que o mundo precisa, colhendo os frutos que o mundo quer ver.<\/p>\n<p>&nbsp;<\/p>\n","protected":false},"excerpt":{"rendered":"<p>Nossa trajet\u00f3ria de sucesso!<\/p>\n","protected":false},"author":3,"featured_media":354,"parent":0,"menu_order":0,"comment_status":"open","ping_status":"open","template":"","meta":{"ngg_post_thumbnail":0,"jetpack_post_was_ever_published":false,"footnotes":""},"class_list":["post-292","page","type-page","status-publish","has-post-thumbnail","hentry"],"aioseo_notices":[],"jetpack_sharing_enabled":true,"jetpack_shortlink":"https:\/\/wp.me\/P2hG2h-4I","jetpack_likes_enabled":true,"_links":{"self":[{"href":"http:\/\/cmpaisagismo.com.br\/index.php\/wp-json\/wp\/v2\/pages\/292","targetHints":{"allow":["GET"]}}],"collection":[{"href":"http:\/\/cmpaisagismo.com.br\/index.php\/wp-json\/wp\/v2\/pages"}],"about":[{"href":"http:\/\/cmpaisagismo.com.br\/index.php\/wp-json\/wp\/v2\/types\/page"}],"author":[{"embeddable":true,"href":"http:\/\/cmpaisagismo.com.br\/index.php\/wp-json\/wp\/v2\/users\/3"}],"replies":[{"embeddable":true,"href":"http:\/\/cmpaisagismo.com.br\/index.php\/wp-json\/wp\/v2\/comments?post=292"}],"version-history":[{"count":19,"href":"http:\/\/cmpaisagismo.com.br\/index.php\/wp-json\/wp\/v2\/pages\/292\/revisions"}],"predecessor-version":[{"id":1009,"href":"http:\/\/cmpaisagismo.com.br\/index.php\/wp-json\/wp\/v2\/pages\/292\/revisions\/1009"}],"wp:featuredmedia":[{"embeddable":true,"href":"http:\/\/cmpaisagismo.com.br\/index.php\/wp-json\/wp\/v2\/media\/354"}],"wp:attachment":[{"href":"http:\/\/cmpaisagismo.com.br\/index.php\/wp-json\/wp\/v2\/media?parent=292"}],"curies":[{"name":"wp","href":"https:\/\/api.w.org\/{rel}","templated":true}]}}